{"id":1214,"date":"2020-10-25T13:26:50","date_gmt":"2020-10-25T12:26:50","guid":{"rendered":"http:\/\/torosdecasta.com\/?page_id=1214"},"modified":"2024-10-20T08:15:28","modified_gmt":"2024-10-20T06:15:28","slug":"tauromachiespopulaires","status":"publish","type":"page","link":"https:\/\/torosdecasta.com\/index.php\/tauromachiespopulaires\/","title":{"rendered":"Tauromachies"},"content":{"rendered":"\n<div class=\"wp-block-columns is-layout-flex wp-container-core-columns-is-layout-9d6595d7 wp-block-columns-is-layout-flex\">\n<div class=\"wp-block-column is-layout-flow wp-block-column-is-layout-flow\" style=\"flex-basis:66.66%\"><div class=\"wp-block-image\">\n<figure class=\"aligncenter size-full\"><a href=\"http:\/\/torosdecasta.com\/index.php\/tauromachiespopulaires\/tauromachies-populaires\/\" target=\"_blank\" rel=\"noopener\"><img fetchpriority=\"high\" decoding=\"async\" width=\"1000\" height=\"665\" src=\"http:\/\/torosdecasta.com\/wp-content\/uploads\/2021\/09\/encierroportada.jpg\" alt=\"\" class=\"wp-image-4850\" srcset=\"https:\/\/torosdecasta.com\/wp-content\/uploads\/2021\/09\/encierroportada.jpg 1000w, https:\/\/torosdecasta.com\/wp-content\/uploads\/2021\/09\/encierroportada-300x200.jpg 300w, https:\/\/torosdecasta.com\/wp-content\/uploads\/2021\/09\/encierroportada-768x511.jpg 768w, https:\/\/torosdecasta.com\/wp-content\/uploads\/2021\/09\/encierroportada-500x333.jpg 500w, https:\/\/torosdecasta.com\/wp-content\/uploads\/2021\/09\/encierroportada-800x532.jpg 800w\" sizes=\"(max-width: 1000px) 100vw, 1000px\" \/><\/a><\/figure>\n<\/div><\/div>\n\n\n\n<div class=\"wp-block-column is-vertically-aligned-center has-white-background-color has-background is-layout-flow wp-block-column-is-layout-flow\" style=\"flex-basis:33.33%\">\n<h2 class=\"wp-block-heading has-text-align-center\"><strong>Tauromachies populaires<\/strong><\/h2>\n\n\n\n<hr class=\"wp-block-separator has-css-opacity\"\/>\n\n\n\n<p class=\"has-text-align-center\"><sup>Ler\u00edn \/ Vaquillas | Falces \/ Encierro del Pil\u00f3n | Apartado Peralta | Encierro &amp; vaquillas Peralta | Desencajonamiento Azpeitia | Cadreita | Encierros en Pamplona <\/sup><\/p>\n<\/div>\n<\/div>\n\n\n\n<hr class=\"wp-block-separator has-css-opacity\"\/>\n\n\n\n<div class=\"wp-block-columns is-layout-flex wp-container-core-columns-is-layout-9d6595d7 wp-block-columns-is-layout-flex\">\n<div class=\"wp-block-column is-layout-flow wp-block-column-is-layout-flow\" style=\"flex-basis:66.66%\">\n<figure class=\"wp-block-image size-full is-style-default\"><a href=\"http:\/\/torosdecasta.com\/index.php\/tauromachiespopulaires\/course-landaise\/\" target=\"_blank\" rel=\"noopener\"><img decoding=\"async\" width=\"1000\" height=\"665\" src=\"http:\/\/torosdecasta.com\/wp-content\/uploads\/2021\/09\/courselandaiseportada.jpg\" alt=\"\" class=\"wp-image-4781\" srcset=\"https:\/\/torosdecasta.com\/wp-content\/uploads\/2021\/09\/courselandaiseportada.jpg 1000w, https:\/\/torosdecasta.com\/wp-content\/uploads\/2021\/09\/courselandaiseportada-300x200.jpg 300w, https:\/\/torosdecasta.com\/wp-content\/uploads\/2021\/09\/courselandaiseportada-768x511.jpg 768w, https:\/\/torosdecasta.com\/wp-content\/uploads\/2021\/09\/courselandaiseportada-500x333.jpg 500w, https:\/\/torosdecasta.com\/wp-content\/uploads\/2021\/09\/courselandaiseportada-800x532.jpg 800w\" sizes=\"(max-width: 1000px) 100vw, 1000px\" \/><\/a><\/figure>\n<\/div>\n\n\n\n<div class=\"wp-block-column is-vertically-aligned-center is-layout-flow wp-block-column-is-layout-flow\" style=\"flex-basis:33.33%\">\n<h2 class=\"wp-block-heading has-text-align-center\">Course landaise<\/h2>\n\n\n\n<hr class=\"wp-block-separator has-css-opacity\"\/>\n\n\n\n<p class=\"has-text-align-center\"><sup>Championnat de France 2024 | Festival Orthez 2021 | Ganader\u00eda Deyris | Ganader\u00eda Nogu\u00e8s | Ganader\u00eda Aventura | Fratrie | Donzacq <\/sup><\/p>\n<\/div>\n<\/div>\n\n\n\n<hr class=\"wp-block-separator has-css-opacity\"\/>\n\n\n\n<div class=\"wp-block-columns is-layout-flex wp-container-core-columns-is-layout-9d6595d7 wp-block-columns-is-layout-flex\">\n<div class=\"wp-block-column is-layout-flow wp-block-column-is-layout-flow\" style=\"flex-basis:66.66%\">\n<figure class=\"wp-block-image size-full is-style-default\"><a href=\"torosdecasta.com\/index.php\/tauromachiespopulaires\/tauromachies-populaires\/bouvine\/\" target=\"_blank\" rel=\"noreferrer noopener\"><img decoding=\"async\" width=\"1000\" height=\"665\" src=\"http:\/\/torosdecasta.com\/wp-content\/uploads\/2023\/09\/manadeportada.jpg\" alt=\"\" class=\"wp-image-6307\" srcset=\"https:\/\/torosdecasta.com\/wp-content\/uploads\/2023\/09\/manadeportada.jpg 1000w, https:\/\/torosdecasta.com\/wp-content\/uploads\/2023\/09\/manadeportada-300x200.jpg 300w, https:\/\/torosdecasta.com\/wp-content\/uploads\/2023\/09\/manadeportada-768x511.jpg 768w, https:\/\/torosdecasta.com\/wp-content\/uploads\/2023\/09\/manadeportada-500x333.jpg 500w, https:\/\/torosdecasta.com\/wp-content\/uploads\/2023\/09\/manadeportada-800x532.jpg 800w\" sizes=\"(max-width: 1000px) 100vw, 1000px\" \/><\/a><\/figure>\n<\/div>\n\n\n\n<div class=\"wp-block-column is-vertically-aligned-center is-layout-flow wp-block-column-is-layout-flow\" style=\"flex-basis:33.33%\">\n<h2 class=\"wp-block-heading has-text-align-center\">Bouvine<\/h2>\n\n\n\n<hr class=\"wp-block-separator has-css-opacity\"\/>\n\n\n\n<p class=\"has-text-align-center\"><sup>Manade Michel<\/sup><\/p>\n<\/div>\n<\/div>\n\n\n\n<hr class=\"wp-block-separator has-css-opacity\"\/>\n","protected":false},"excerpt":{"rendered":"<p>Tauromachies populaires Ler\u00edn \/ Vaquillas | Falces \/ Encierro del Pil\u00f3n | Apartado Peralta | Encierro &amp; vaquillas Peralta | <span class=\"more-text\">&hellip;<\/span><\/p>\n","protected":false},"author":1,"featured_media":0,"parent":0,"menu_order":0,"comment_status":"closed","ping_status":"closed","template":"elementor_header_footer","meta":{"_vp_format_video_url":"","_vp_image_focal_point":[],"footnotes":""},"class_list":["post-1214","page","type-page","status-publish","hentry"],"_links":{"self":[{"href":"https:\/\/torosdecasta.com\/index.php\/wp-json\/wp\/v2\/pages\/1214","targetHints":{"allow":["GET"]}}],"collection":[{"href":"https:\/\/torosdecasta.com\/index.php\/wp-json\/wp\/v2\/pages"}],"about":[{"href":"https:\/\/torosdecasta.com\/index.php\/wp-json\/wp\/v2\/types\/page"}],"author":[{"embeddable":true,"href":"https:\/\/torosdecasta.com\/index.php\/wp-json\/wp\/v2\/users\/1"}],"replies":[{"embeddable":true,"href":"https:\/\/torosdecasta.com\/index.php\/wp-json\/wp\/v2\/comments?post=1214"}],"version-history":[{"count":25,"href":"https:\/\/torosdecasta.com\/index.php\/wp-json\/wp\/v2\/pages\/1214\/revisions"}],"predecessor-version":[{"id":7083,"href":"https:\/\/torosdecasta.com\/index.php\/wp-json\/wp\/v2\/pages\/1214\/revisions\/7083"}],"wp:attachment":[{"href":"https:\/\/torosdecasta.com\/index.php\/wp-json\/wp\/v2\/media?parent=1214"}],"curies":[{"name":"wp","href":"https:\/\/api.w.org\/{rel}","templated":true}]}}