{"id":118,"date":"2020-10-15T21:49:10","date_gmt":"2020-10-15T19:49:10","guid":{"rendered":"http:\/\/torosdecasta.com\/?page_id=118"},"modified":"2026-02-14T09:23:02","modified_gmt":"2026-02-14T08:23:02","slug":"ganaderias","status":"publish","type":"page","link":"https:\/\/torosdecasta.com\/index.php\/ganaderias\/","title":{"rendered":"Ganader\u00edas"},"content":{"rendered":"\n<div class=\"wp-block-columns is-layout-flex wp-container-core-columns-is-layout-9d6595d7 wp-block-columns-is-layout-flex\">\n<div class=\"wp-block-column is-layout-flow wp-block-column-is-layout-flow\" style=\"flex-basis:66.66%\"><div class=\"wp-block-image\">\n<figure class=\"aligncenter size-full\"><a href=\"http:\/\/torosdecasta.com\/index.php\/ganaderias\/torosdeespana\/\" target=\"_blank\" rel=\"noopener\"><img fetchpriority=\"high\" decoding=\"async\" width=\"1024\" height=\"680\" src=\"http:\/\/torosdecasta.com\/wp-content\/uploads\/2023\/06\/monteviejook.jpg\" alt=\"\" class=\"wp-image-6185\" srcset=\"https:\/\/torosdecasta.com\/wp-content\/uploads\/2023\/06\/monteviejook.jpg 1024w, https:\/\/torosdecasta.com\/wp-content\/uploads\/2023\/06\/monteviejook-300x199.jpg 300w, https:\/\/torosdecasta.com\/wp-content\/uploads\/2023\/06\/monteviejook-768x510.jpg 768w, https:\/\/torosdecasta.com\/wp-content\/uploads\/2023\/06\/monteviejook-500x332.jpg 500w, https:\/\/torosdecasta.com\/wp-content\/uploads\/2023\/06\/monteviejook-800x531.jpg 800w\" sizes=\"(max-width: 1024px) 100vw, 1024px\" \/><\/a><\/figure>\n<\/div><\/div>\n\n\n\n<div class=\"wp-block-column is-vertically-aligned-center has-white-background-color has-background is-layout-flow wp-block-column-is-layout-flow\" style=\"flex-basis:33.33%\">\n<h2 class=\"wp-block-heading has-text-align-center\"><strong>Toros en Espa\u00f1a<\/strong><\/h2>\n\n\n\n<hr class=\"wp-block-separator has-css-opacity\"\/>\n\n\n\n<p class=\"has-text-align-center\"><sup>Clairac | Pe\u00f1as Blancas | Carriquiri | Victorino Mart\u00edn | Arcadio Albarr\u00e1n | Monteviejo | Raso de Portillo | Jos\u00e9 Luis Marca | San Mart\u00edn | Carmen Valiente | Santaf\u00e9 Mart\u00f3n | Hermanas Azcona | Hermanos Dom\u00ednguez | Ganadutegia Marqu\u00e9s de Saka | Ganadutegia Arno | Ganadutegia Leizarran | Ganadutegia Lastur | Juan Luis Fraile | Miura | Marques de Albaserrada | Tulio | Yerbabuena | Diego Curriel | Herederos de Jos\u00e9 Luis Osborne | Los Bayones | Gerardo Ortega | Hermanos Sampedro | Cuadri | Baltasar Ib\u00e1n | Aurelio Hernando | Samuel Flores | Javier Gallego | Toros de Ojail\u00e9n | Castillo de la Reina | Conde de la Corte | Barcial | Reta de Casta Navarra | Pedraza de Yeltes | Los Ma\u00f1os | Arriazu | Merino Gil | Pincha<\/sup><\/p>\n<\/div>\n<\/div>\n\n\n\n<hr class=\"wp-block-separator has-css-opacity\"\/>\n\n\n\n<div class=\"wp-block-columns is-layout-flex wp-container-core-columns-is-layout-9d6595d7 wp-block-columns-is-layout-flex\">\n<div class=\"wp-block-column is-layout-flow wp-block-column-is-layout-flow\" style=\"flex-basis:66.66%\">\n<figure class=\"wp-block-image size-full is-style-default\"><a href=\"http:\/\/torosdecasta.com\/index.php\/ganaderias\/toirosdeportugal\/\" target=\"_blank\" rel=\"noopener\"><img decoding=\"async\" width=\"1000\" height=\"665\" src=\"http:\/\/torosdecasta.com\/wp-content\/uploads\/2021\/09\/portadavalesorraia.jpg\" alt=\"\" class=\"wp-image-4302\" srcset=\"https:\/\/torosdecasta.com\/wp-content\/uploads\/2021\/09\/portadavalesorraia.jpg 1000w, https:\/\/torosdecasta.com\/wp-content\/uploads\/2021\/09\/portadavalesorraia-300x200.jpg 300w, https:\/\/torosdecasta.com\/wp-content\/uploads\/2021\/09\/portadavalesorraia-768x511.jpg 768w, https:\/\/torosdecasta.com\/wp-content\/uploads\/2021\/09\/portadavalesorraia-500x333.jpg 500w, https:\/\/torosdecasta.com\/wp-content\/uploads\/2021\/09\/portadavalesorraia-800x532.jpg 800w\" sizes=\"(max-width: 1000px) 100vw, 1000px\" \/><\/a><\/figure>\n<\/div>\n\n\n\n<div class=\"wp-block-column is-vertically-aligned-center is-layout-flow wp-block-column-is-layout-flow\" style=\"flex-basis:33.33%\">\n<h2 class=\"wp-block-heading has-text-align-center\">Toiros em Portugal<\/h2>\n\n\n\n<hr class=\"wp-block-separator has-css-opacity\"\/>\n\n\n\n<p class=\"has-text-align-center\"><sup>Palha | Jorge Carvalho | S\u00e3o Martinho | Quinta Mata o Demo | Rosa Rodrigues | Torre de Onofre | Fernando Palha | Ant\u00f3nio Silva | Veiga Teixeira | Canas Vigouroux | Condessa de Sobral | Sobral | Silva Herculano | Lopes Branco | Jos\u00e9 Luis Vasconcellos e Souza d&rsquo;Andrade | Pinto Barreiros | Cunhal Patricio | Ribeiro Telles | Vale Sorraia | Casa Prudencio | Lampreia | Joaquim Brito Paes | Ant\u00f3nio Brito Paes | Luis Rocha | Vinhas | Herdeiros Cary | Pontes Dias | Santa Maria | S\u00e3o Marcos | Dias Coutinho | Fal\u00e9 Filipe | Murteira Grave <\/sup><\/p>\n<\/div>\n<\/div>\n\n\n\n<hr class=\"wp-block-separator has-css-opacity\"\/>\n\n\n\n<div class=\"wp-block-columns is-layout-flex wp-container-core-columns-is-layout-9d6595d7 wp-block-columns-is-layout-flex\">\n<div class=\"wp-block-column is-layout-flow wp-block-column-is-layout-flow\" style=\"flex-basis:66.66%\"><div class=\"wp-block-image\">\n<figure class=\"aligncenter size-full\"><a href=\"http:\/\/torosdecasta.com\/index.php\/ganaderias\/taureauxdefrance\/\" target=\"_blank\" rel=\"noopener\"><img decoding=\"async\" width=\"1000\" height=\"665\" src=\"http:\/\/torosdecasta.com\/wp-content\/uploads\/2021\/09\/portadajalabert.jpg\" alt=\"\" class=\"wp-image-4153\" srcset=\"https:\/\/torosdecasta.com\/wp-content\/uploads\/2021\/09\/portadajalabert.jpg 1000w, https:\/\/torosdecasta.com\/wp-content\/uploads\/2021\/09\/portadajalabert-300x200.jpg 300w, https:\/\/torosdecasta.com\/wp-content\/uploads\/2021\/09\/portadajalabert-768x511.jpg 768w, https:\/\/torosdecasta.com\/wp-content\/uploads\/2021\/09\/portadajalabert-500x333.jpg 500w, https:\/\/torosdecasta.com\/wp-content\/uploads\/2021\/09\/portadajalabert-800x532.jpg 800w\" sizes=\"(max-width: 1000px) 100vw, 1000px\" \/><\/a><\/figure>\n<\/div><\/div>\n\n\n\n<div class=\"wp-block-column is-vertically-aligned-center is-layout-flow wp-block-column-is-layout-flow\" style=\"flex-basis:33.33%\">\n<h2 class=\"wp-block-heading has-text-align-center\">Taureaux de France<\/h2>\n\n\n\n<hr class=\"wp-block-separator has-css-opacity\"\/>\n\n\n\n<p class=\"has-text-align-center\"><sup>Yonnet | Turquay | Marg\u00e9 | Jalabert | La Golosina | Giraud | Gallon | Cuill\u00e9 | Malaga | Pag\u00e8s-Mailhan | Riboulet | Valverde | Concha y Sierra | El Palmeral | Malabat <\/sup><\/p>\n<\/div>\n<\/div>\n","protected":false},"excerpt":{"rendered":"<p>Toros en Espa\u00f1a Clairac | Pe\u00f1as Blancas | Carriquiri | Victorino Mart\u00edn | Arcadio Albarr\u00e1n | Monteviejo | Raso de <span class=\"more-text\">&hellip;<\/span><\/p>\n","protected":false},"author":1,"featured_media":0,"parent":0,"menu_order":0,"comment_status":"closed","ping_status":"closed","template":"elementor_header_footer","meta":{"_vp_format_video_url":"","_vp_image_focal_point":[],"footnotes":""},"class_list":["post-118","page","type-page","status-publish","hentry"],"_links":{"self":[{"href":"https:\/\/torosdecasta.com\/index.php\/wp-json\/wp\/v2\/pages\/118","targetHints":{"allow":["GET"]}}],"collection":[{"href":"https:\/\/torosdecasta.com\/index.php\/wp-json\/wp\/v2\/pages"}],"about":[{"href":"https:\/\/torosdecasta.com\/index.php\/wp-json\/wp\/v2\/types\/page"}],"author":[{"embeddable":true,"href":"https:\/\/torosdecasta.com\/index.php\/wp-json\/wp\/v2\/users\/1"}],"replies":[{"embeddable":true,"href":"https:\/\/torosdecasta.com\/index.php\/wp-json\/wp\/v2\/comments?post=118"}],"version-history":[{"count":173,"href":"https:\/\/torosdecasta.com\/index.php\/wp-json\/wp\/v2\/pages\/118\/revisions"}],"predecessor-version":[{"id":7117,"href":"https:\/\/torosdecasta.com\/index.php\/wp-json\/wp\/v2\/pages\/118\/revisions\/7117"}],"wp:attachment":[{"href":"https:\/\/torosdecasta.com\/index.php\/wp-json\/wp\/v2\/media?parent=118"}],"curies":[{"name":"wp","href":"https:\/\/api.w.org\/{rel}","templated":true}]}}